{"id":785,"date":"2020-03-29T13:59:51","date_gmt":"2020-03-29T13:59:51","guid":{"rendered":"https:\/\/alumaster.ee\/kontaktid"},"modified":"2021-11-16T07:47:06","modified_gmt":"2021-11-16T07:47:06","slug":"yhteystietoja","status":"publish","type":"page","link":"https:\/\/alumaster.ee\/fi\/kontaktid\/","title":{"rendered":"Yhteystiedot"},"content":{"rendered":"<div data-elementor-type=\"wp-post\" data-elementor-id=\"785\" class=\"elementor elementor-785\" data-elementor-post-type=\"page\">\n\t\t\t\t\t\t<section class=\"elementor-section elementor-top-section elementor-element elementor-element-d7d8b56 elementor-section-boxed elementor-section-height-default elementor-section-height-default\" data-id=\"d7d8b56\" data-element_type=\"section\" data-e-type=\"section\">\n\t\t\t\t\t\t<div class=\"elementor-container elementor-column-gap-default\">\n\t\t\t\t\t<div class=\"elementor-column elementor-col-50 elementor-top-column elementor-element elementor-element-019ac92 animated-slow elementor-invisible\" data-id=\"019ac92\" data-element_type=\"column\" data-e-type=\"column\" data-settings=\"{&quot;animation&quot;:&quot;fadeIn&quot;}\">\n\t\t\t<div class=\"elementor-widget-wrap elementor-element-populated\">\n\t\t\t\t\t\t<div class=\"elementor-element elementor-element-26cd300 elementor-widget elementor-widget-text-editor\" data-id=\"26cd300\" data-element_type=\"widget\" data-e-type=\"widget\" data-widget_type=\"text-editor.default\">\n\t\t\t\t<div class=\"elementor-widget-container\">\n\t\t\t\t\t\t\t\t\t<p><span style=\"color: #000000;\"><strong>AluMaster O\u00dc<\/strong><br \/>Unipiha tee 6a, Reola, Kambja vald<br \/>Tartumaa, 61707<br \/><\/span><\/p><p><span style=\"color: #000000;\"><strong>Y-Tunnus:<\/strong> 11540716<\/span><br \/><span style=\"color: #000000;\"><strong>ALV-numero:<\/strong> EE101278663<\/span><br \/><span style=\"color: #000000;\"><strong>Tilinumero: <\/strong>IBAN EE771010220091978018 BIC EEUHEE2X<\/span><\/p><p><span style=\"color: #000000;\">info@alumaster.ee<\/span><br \/><span style=\"color: #000000;\">+372 56 683 109<\/span><\/p><p><span style=\"color: #000000;\">Olemme avoinna arkisin klo 8.00-17.00<\/span><\/p>\t\t\t\t\t\t\t\t<\/div>\n\t\t\t\t<\/div>\n\t\t\t\t\t<\/div>\n\t\t<\/div>\n\t\t\t\t<div class=\"elementor-column elementor-col-50 elementor-top-column elementor-element elementor-element-b5e54d9 animated-slow elementor-invisible\" data-id=\"b5e54d9\" data-element_type=\"column\" data-e-type=\"column\" data-settings=\"{&quot;animation&quot;:&quot;fadeIn&quot;}\">\n\t\t\t<div class=\"elementor-widget-wrap elementor-element-populated\">\n\t\t\t\t\t\t<div class=\"elementor-element elementor-element-3782d5f elementor-widget elementor-widget-google_maps\" data-id=\"3782d5f\" data-element_type=\"widget\" data-e-type=\"widget\" data-widget_type=\"google_maps.default\">\n\t\t\t\t<div class=\"elementor-widget-container\">\n\t\t\t\t\t\t\t<div class=\"elementor-custom-embed\">\n\t\t\t<iframe loading=\"lazy\"\n\t\t\t\t\tsrc=\"https:\/\/maps.google.com\/maps?q=alumaster&#038;t=m&#038;z=10&#038;output=embed&#038;iwloc=near\"\n\t\t\t\t\ttitle=\"alumaster\"\n\t\t\t\t\taria-label=\"alumaster\"\n\t\t\t><\/iframe>\n\t\t<\/div>\n\t\t\t\t\t\t<\/div>\n\t\t\t\t<\/div>\n\t\t\t\t\t<\/div>\n\t\t<\/div>\n\t\t\t\t\t<\/div>\n\t\t<\/section>\n\t\t\t\t<\/div>","protected":false},"excerpt":{"rendered":"<p>AluMaster O\u00dcUnipiha tee 6a, Reola, Kambja valdTartumaa, 61707 Reg. nr: 11540716KMKNR: EE101278663Konto nr: IBAN EE771010220091978018 BIC EEUHEE2X info@alumaster.ee+372 56 683 109 Oleme avatud t\u00f6\u00f6p\u00e4evadel\u00a0 8:00 &#8211; 17:00<\/p>","protected":false},"author":1,"featured_media":0,"parent":0,"menu_order":0,"comment_status":"closed","ping_status":"closed","template":"","meta":{"site-sidebar-layout":"no-sidebar","site-content-layout":"page-builder","ast-site-content-layout":"default","site-content-style":"default","site-sidebar-style":"default","ast-global-header-display":"","ast-banner-title-visibility":"","ast-main-header-display":"","ast-hfb-above-header-display":"","ast-hfb-below-header-display":"","ast-hfb-mobile-header-display":"","site-post-title":"disabled","ast-breadcrumbs-content":"","ast-featured-img":"disabled","footer-sml-layout":"","ast-disable-related-posts":"","theme-transparent-header-meta":"enabled","adv-header-id-meta":"","stick-header-meta":"","header-above-stick-meta":"","header-main-stick-meta":"","header-below-stick-meta":"","astra-migrate-meta-layouts":"default","ast-page-background-enabled":"default","ast-page-background-meta":{"desktop":{"background-color":"","background-image":"","background-repeat":"repeat","background-position":"center center","background-size":"auto","background-attachment":"scroll","background-type":"","background-media":"","overlay-type":"","overlay-color":"","overlay-opacity":"","overlay-gradient":""},"tablet":{"background-color":"","background-image":"","background-repeat":"repeat","background-position":"center center","background-size":"auto","background-attachment":"scroll","background-type":"","background-media":"","overlay-type":"","overlay-color":"","overlay-opacity":"","overlay-gradient":""},"mobile":{"background-color":"","background-image":"","background-repeat":"repeat","background-position":"center center","background-size":"auto","background-attachment":"scroll","background-type":"","background-media":"","overlay-type":"","overlay-color":"","overlay-opacity":"","overlay-gradient":""}},"ast-content-background-meta":{"desktop":{"background-color":"var(--ast-global-color-5)","background-image":"","background-repeat":"repeat","background-position":"center center","background-size":"auto","background-attachment":"scroll","background-type":"","background-media":"","overlay-type":"","overlay-color":"","overlay-opacity":"","overlay-gradient":""},"tablet":{"background-color":"var(--ast-global-color-5)","background-image":"","background-repeat":"repeat","background-position":"center center","background-size":"auto","background-attachment":"scroll","background-type":"","background-media":"","overlay-type":"","overlay-color":"","overlay-opacity":"","overlay-gradient":""},"mobile":{"background-color":"var(--ast-global-color-5)","background-image":"","background-repeat":"repeat","background-position":"center center","background-size":"auto","background-attachment":"scroll","background-type":"","background-media":"","overlay-type":"","overlay-color":"","overlay-opacity":"","overlay-gradient":""}},"footnotes":""},"class_list":["post-785","page","type-page","status-publish","hentry"],"yoast_head":"<!-- This site is optimized with the Yoast SEO Premium plugin v27.3 (Yoast SEO v27.3) - https:\/\/yoast.com\/product\/yoast-seo-premium-wordpress\/ -->\n<title>Kontaktid - AluMaster O&Uuml;<\/title>\n<meta name=\"robots\" content=\"index, follow, max-snippet:-1, max-image-preview:large, max-video-preview:-1\" \/>\n<link rel=\"canonical\" href=\"https:\/\/alumaster.ee\/fi\/yhteystietoja\/\" \/>\n<meta property=\"og:locale\" content=\"fi_FI\" \/>\n<meta property=\"og:type\" content=\"article\" \/>\n<meta property=\"og:title\" content=\"Kontaktid\" \/>\n<meta property=\"og:description\" content=\"AluMaster O\u00dcUnipiha tee 6a, Reola, Kambja valdTartumaa, 61707 Reg. nr: 11540716KMKNR: EE101278663Konto nr: IBAN EE771010220091978018 BIC EEUHEE2X info@alumaster.ee+372 56 683 109 Oleme avatud t\u00f6\u00f6p\u00e4evadel\u00a0 8:00 &#8211; 17:00\" \/>\n<meta property=\"og:url\" content=\"https:\/\/alumaster.ee\/fi\/yhteystietoja\/\" \/>\n<meta property=\"og:site_name\" content=\"AluMaster O&Uuml;\" \/>\n<meta property=\"article:publisher\" content=\"https:\/\/www.facebook.com\/alumaster.ee\/\" \/>\n<meta property=\"article:modified_time\" content=\"2021-11-16T07:47:06+00:00\" \/>\n<meta property=\"og:image\" content=\"https:\/\/alumaster.ee\/wp-content\/uploads\/2021\/01\/Aknad-ja-uksed-15.jpg\" \/>\n\t<meta property=\"og:image:width\" content=\"1151\" \/>\n\t<meta property=\"og:image:height\" content=\"768\" \/>\n\t<meta property=\"og:image:type\" content=\"image\/jpeg\" \/>\n<meta name=\"twitter:card\" content=\"summary_large_image\" \/>\n<meta name=\"twitter:label1\" content=\"Arvioitu lukuaika\" \/>\n\t<meta name=\"twitter:data1\" content=\"1 minuutti\" \/>\n<script type=\"application\/ld+json\" class=\"yoast-schema-graph\">{\"@context\":\"https:\\\/\\\/schema.org\",\"@graph\":[{\"@type\":\"WebPage\",\"@id\":\"https:\\\/\\\/alumaster.ee\\\/kontaktid\\\/\",\"url\":\"https:\\\/\\\/alumaster.ee\\\/kontaktid\\\/\",\"name\":\"Kontaktid - AluMaster O&Uuml;\",\"isPartOf\":{\"@id\":\"https:\\\/\\\/alumaster.ee\\\/#website\"},\"datePublished\":\"2020-03-29T13:59:51+00:00\",\"dateModified\":\"2021-11-16T07:47:06+00:00\",\"breadcrumb\":{\"@id\":\"https:\\\/\\\/alumaster.ee\\\/kontaktid\\\/#breadcrumb\"},\"inLanguage\":\"fi\",\"potentialAction\":[{\"@type\":\"ReadAction\",\"target\":[\"https:\\\/\\\/alumaster.ee\\\/kontaktid\\\/\"]}]},{\"@type\":\"BreadcrumbList\",\"@id\":\"https:\\\/\\\/alumaster.ee\\\/kontaktid\\\/#breadcrumb\",\"itemListElement\":[{\"@type\":\"ListItem\",\"position\":1,\"name\":\"Home\",\"item\":\"https:\\\/\\\/alumaster.ee\\\/\"},{\"@type\":\"ListItem\",\"position\":2,\"name\":\"Kontaktid\"}]},{\"@type\":\"WebSite\",\"@id\":\"https:\\\/\\\/alumaster.ee\\\/#website\",\"url\":\"https:\\\/\\\/alumaster.ee\\\/\",\"name\":\"AluMaster O\u00dc\",\"description\":\"Alumiinium uksed ja aknad\",\"publisher\":{\"@id\":\"https:\\\/\\\/alumaster.ee\\\/#organization\"},\"potentialAction\":[{\"@type\":\"SearchAction\",\"target\":{\"@type\":\"EntryPoint\",\"urlTemplate\":\"https:\\\/\\\/alumaster.ee\\\/?s={search_term_string}\"},\"query-input\":{\"@type\":\"PropertyValueSpecification\",\"valueRequired\":true,\"valueName\":\"search_term_string\"}}],\"inLanguage\":\"fi\"},{\"@type\":\"Organization\",\"@id\":\"https:\\\/\\\/alumaster.ee\\\/#organization\",\"name\":\"AluMaster O\u00dc\",\"url\":\"https:\\\/\\\/alumaster.ee\\\/\",\"logo\":{\"@type\":\"ImageObject\",\"inLanguage\":\"fi\",\"@id\":\"https:\\\/\\\/alumaster.ee\\\/#\\\/schema\\\/logo\\\/image\\\/\",\"url\":\"https:\\\/\\\/alumaster.ee\\\/wp-content\\\/uploads\\\/2020\\\/03\\\/cropped-AluMaster-ikoon-1.png\",\"contentUrl\":\"https:\\\/\\\/alumaster.ee\\\/wp-content\\\/uploads\\\/2020\\\/03\\\/cropped-AluMaster-ikoon-1.png\",\"width\":512,\"height\":512,\"caption\":\"AluMaster O\u00dc\"},\"image\":{\"@id\":\"https:\\\/\\\/alumaster.ee\\\/#\\\/schema\\\/logo\\\/image\\\/\"},\"sameAs\":[\"https:\\\/\\\/www.facebook.com\\\/alumaster.ee\\\/\"]}]}<\/script>\n<!-- \/ Yoast SEO Premium plugin. -->","yoast_head_json":{"title":"Kontaktid - AluMaster O&Uuml;","robots":{"index":"index","follow":"follow","max-snippet":"max-snippet:-1","max-image-preview":"max-image-preview:large","max-video-preview":"max-video-preview:-1"},"canonical":"https:\/\/alumaster.ee\/fi\/yhteystietoja\/","og_locale":"fi_FI","og_type":"article","og_title":"Kontaktid","og_description":"AluMaster O\u00dcUnipiha tee 6a, Reola, Kambja valdTartumaa, 61707 Reg. nr: 11540716KMKNR: EE101278663Konto nr: IBAN EE771010220091978018 BIC EEUHEE2X info@alumaster.ee+372 56 683 109 Oleme avatud t\u00f6\u00f6p\u00e4evadel\u00a0 8:00 &#8211; 17:00","og_url":"https:\/\/alumaster.ee\/fi\/yhteystietoja\/","og_site_name":"AluMaster O&Uuml;","article_publisher":"https:\/\/www.facebook.com\/alumaster.ee\/","article_modified_time":"2021-11-16T07:47:06+00:00","og_image":[{"width":1151,"height":768,"url":"https:\/\/alumaster.ee\/wp-content\/uploads\/2021\/01\/Aknad-ja-uksed-15.jpg","type":"image\/jpeg"}],"twitter_card":"summary_large_image","twitter_misc":{"Arvioitu lukuaika":"1 minuutti"},"schema":{"@context":"https:\/\/schema.org","@graph":[{"@type":"WebPage","@id":"https:\/\/alumaster.ee\/kontaktid\/","url":"https:\/\/alumaster.ee\/kontaktid\/","name":"Kontaktid - AluMaster O&Uuml;","isPartOf":{"@id":"https:\/\/alumaster.ee\/#website"},"datePublished":"2020-03-29T13:59:51+00:00","dateModified":"2021-11-16T07:47:06+00:00","breadcrumb":{"@id":"https:\/\/alumaster.ee\/kontaktid\/#breadcrumb"},"inLanguage":"fi","potentialAction":[{"@type":"ReadAction","target":["https:\/\/alumaster.ee\/kontaktid\/"]}]},{"@type":"BreadcrumbList","@id":"https:\/\/alumaster.ee\/kontaktid\/#breadcrumb","itemListElement":[{"@type":"ListItem","position":1,"name":"Home","item":"https:\/\/alumaster.ee\/"},{"@type":"ListItem","position":2,"name":"Kontaktid"}]},{"@type":"WebSite","@id":"https:\/\/alumaster.ee\/#website","url":"https:\/\/alumaster.ee\/","name":"AluMaster O\u00dc","description":"Alumiinium uksed ja aknad","publisher":{"@id":"https:\/\/alumaster.ee\/#organization"},"potentialAction":[{"@type":"SearchAction","target":{"@type":"EntryPoint","urlTemplate":"https:\/\/alumaster.ee\/?s={search_term_string}"},"query-input":{"@type":"PropertyValueSpecification","valueRequired":true,"valueName":"search_term_string"}}],"inLanguage":"fi"},{"@type":"Organization","@id":"https:\/\/alumaster.ee\/#organization","name":"AluMaster O\u00dc","url":"https:\/\/alumaster.ee\/","logo":{"@type":"ImageObject","inLanguage":"fi","@id":"https:\/\/alumaster.ee\/#\/schema\/logo\/image\/","url":"https:\/\/alumaster.ee\/wp-content\/uploads\/2020\/03\/cropped-AluMaster-ikoon-1.png","contentUrl":"https:\/\/alumaster.ee\/wp-content\/uploads\/2020\/03\/cropped-AluMaster-ikoon-1.png","width":512,"height":512,"caption":"AluMaster O\u00dc"},"image":{"@id":"https:\/\/alumaster.ee\/#\/schema\/logo\/image\/"},"sameAs":["https:\/\/www.facebook.com\/alumaster.ee\/"]}]}},"_links":{"self":[{"href":"https:\/\/alumaster.ee\/fi\/wp-json\/wp\/v2\/pages\/785","targetHints":{"allow":["GET"]}}],"collection":[{"href":"https:\/\/alumaster.ee\/fi\/wp-json\/wp\/v2\/pages"}],"about":[{"href":"https:\/\/alumaster.ee\/fi\/wp-json\/wp\/v2\/types\/page"}],"author":[{"embeddable":true,"href":"https:\/\/alumaster.ee\/fi\/wp-json\/wp\/v2\/users\/1"}],"replies":[{"embeddable":true,"href":"https:\/\/alumaster.ee\/fi\/wp-json\/wp\/v2\/comments?post=785"}],"version-history":[{"count":0,"href":"https:\/\/alumaster.ee\/fi\/wp-json\/wp\/v2\/pages\/785\/revisions"}],"wp:attachment":[{"href":"https:\/\/alumaster.ee\/fi\/wp-json\/wp\/v2\/media?parent=785"}],"curies":[{"name":"wp","href":"https:\/\/api.w.org\/{rel}","templated":true}]}}