{"id":3861,"date":"2021-02-14T18:22:39","date_gmt":"2021-02-14T18:22:39","guid":{"rendered":"https:\/\/alumaster.ee\/?page_id=3861"},"modified":"2023-03-10T13:26:45","modified_gmt":"2023-03-10T13:26:45","slug":"tuemme-2","status":"publish","type":"page","link":"https:\/\/alumaster.ee\/fi\/kregor-zirk\/","title":{"rendered":"Tuemme"},"content":{"rendered":"\t\t<div data-elementor-type=\"wp-page\" data-elementor-id=\"3861\" class=\"elementor elementor-3861\" data-elementor-post-type=\"page\">\n\t\t\t\t\t\t<section class=\"elementor-section elementor-top-section elementor-element elementor-element-8227bea elementor-section-boxed elementor-section-height-default elementor-section-height-default\" data-id=\"8227bea\" data-element_type=\"section\" data-e-type=\"section\">\n\t\t\t\t\t\t<div class=\"elementor-container elementor-column-gap-default\">\n\t\t\t\t\t<div class=\"elementor-column elementor-col-100 elementor-top-column elementor-element elementor-element-53b8ee9\" data-id=\"53b8ee9\" data-element_type=\"column\" data-e-type=\"column\">\n\t\t\t<div class=\"elementor-widget-wrap elementor-element-populated\">\n\t\t\t\t\t\t<div class=\"elementor-element elementor-element-a7f632b elementor-widget elementor-widget-heading\" data-id=\"a7f632b\" data-element_type=\"widget\" data-e-type=\"widget\" data-widget_type=\"heading.default\">\n\t\t\t\t<div class=\"elementor-widget-container\">\n\t\t\t\t\t<h2 class=\"elementor-heading-title elementor-size-medium\">Toetame ja elame kaasa ujujale \nKregor Zirk<\/h2>\t\t\t\t<\/div>\n\t\t\t\t<\/div>\n\t\t\t\t<div class=\"elementor-element elementor-element-98bbab3 animated-slow elementor-view-default elementor-invisible elementor-widget elementor-widget-icon\" data-id=\"98bbab3\" data-element_type=\"widget\" data-e-type=\"widget\" data-settings=\"{&quot;sticky&quot;:&quot;bottom&quot;,&quot;_animation&quot;:&quot;fadeIn&quot;,&quot;sticky_on&quot;:[&quot;desktop&quot;,&quot;tablet&quot;,&quot;mobile&quot;],&quot;sticky_offset&quot;:0,&quot;sticky_effects_offset&quot;:0,&quot;sticky_anchor_link_offset&quot;:0}\" data-widget_type=\"icon.default\">\n\t\t\t\t<div class=\"elementor-widget-container\">\n\t\t\t\t\t\t\t<div class=\"elementor-icon-wrapper\">\n\t\t\t<a class=\"elementor-icon elementor-animation-shrink\" href=\"https:\/\/www.facebook.com\/kregorzirk\/\" target=\"_blank\">\n\t\t\t<svg aria-hidden=\"true\" class=\"e-font-icon-svg e-fab-facebook-square\" viewBox=\"0 0 448 512\" xmlns=\"http:\/\/www.w3.org\/2000\/svg\"><path d=\"M400 32H48A48 48 0 0 0 0 80v352a48 48 0 0 0 48 48h137.25V327.69h-63V256h63v-54.64c0-62.15 37-96.48 93.67-96.48 27.14 0 55.52 4.84 55.52 4.84v61h-31.27c-30.81 0-40.42 19.12-40.42 38.73V256h68.78l-11 71.69h-57.78V480H400a48 48 0 0 0 48-48V80a48 48 0 0 0-48-48z\"><\/path><\/svg>\t\t\t<\/a>\n\t\t<\/div>\n\t\t\t\t\t\t<\/div>\n\t\t\t\t<\/div>\n\t\t\t\t<div class=\"elementor-element elementor-element-34be124 elementor-widget elementor-widget-image\" data-id=\"34be124\" data-element_type=\"widget\" data-e-type=\"widget\" data-widget_type=\"image.default\">\n\t\t\t\t<div class=\"elementor-widget-container\">\n\t\t\t\t\t\t\t\t\t\t\t\t\t\t\t\t<a href=\"https:\/\/www.facebook.com\/kregorzirk\/\" target=\"_blank\">\n\t\t\t\t\t\t\t<img fetchpriority=\"high\" decoding=\"async\" width=\"768\" height=\"307\" src=\"https:\/\/alumaster.ee\/wp-content\/uploads\/2021\/02\/Kregor-Zirk-768x307.jpg\" class=\"attachment-medium_large size-medium_large wp-image-3863\" alt=\"\" srcset=\"https:\/\/alumaster.ee\/wp-content\/uploads\/2021\/02\/Kregor-Zirk-768x307.jpg 768w, https:\/\/alumaster.ee\/wp-content\/uploads\/2021\/02\/Kregor-Zirk-300x120.jpg 300w, https:\/\/alumaster.ee\/wp-content\/uploads\/2021\/02\/Kregor-Zirk-1024x410.jpg 1024w, https:\/\/alumaster.ee\/wp-content\/uploads\/2021\/02\/Kregor-Zirk-1536x614.jpg 1536w, https:\/\/alumaster.ee\/wp-content\/uploads\/2021\/02\/Kregor-Zirk-16x6.jpg 16w, https:\/\/alumaster.ee\/wp-content\/uploads\/2021\/02\/Kregor-Zirk.jpg 2000w\" sizes=\"(max-width: 768px) 100vw, 768px\" \/>\t\t\t\t\t\t\t\t<\/a>\n\t\t\t\t\t\t\t\t\t\t\t\t\t\t\t<\/div>\n\t\t\t\t<\/div>\n\t\t\t\t\t<\/div>\n\t\t<\/div>\n\t\t\t\t\t<\/div>\n\t\t<\/section>\n\t\t\t\t<section class=\"elementor-section elementor-top-section elementor-element elementor-element-d29c81d elementor-section-full_width elementor-section-height-default elementor-section-height-default\" data-id=\"d29c81d\" data-element_type=\"section\" data-e-type=\"section\">\n\t\t\t\t\t\t<div class=\"elementor-container elementor-column-gap-default\">\n\t\t\t\t\t<div class=\"elementor-column elementor-col-100 elementor-top-column elementor-element elementor-element-9299c32\" data-id=\"9299c32\" data-element_type=\"column\" data-e-type=\"column\">\n\t\t\t<div class=\"elementor-widget-wrap elementor-element-populated\">\n\t\t\t\t\t\t<div class=\"elementor-element elementor-element-dad64b4 elementor-invisible elementor-widget elementor-widget-heading\" data-id=\"dad64b4\" data-element_type=\"widget\" data-e-type=\"widget\" data-settings=\"{&quot;_animation&quot;:&quot;fadeIn&quot;}\" data-widget_type=\"heading.default\">\n\t\t\t\t<div class=\"elementor-widget-container\">\n\t\t\t\t\t<h3 class=\"elementor-heading-title elementor-size-large\">EDUKAS EESTI ETTEV\u00d5TE AASTAST 2013<\/h3>\t\t\t\t<\/div>\n\t\t\t\t<\/div>\n\t\t\t\t<div class=\"elementor-element elementor-element-fcb80cc elementor-invisible elementor-widget elementor-widget-image\" data-id=\"fcb80cc\" data-element_type=\"widget\" data-e-type=\"widget\" data-settings=\"{&quot;_animation&quot;:&quot;fadeIn&quot;}\" data-widget_type=\"image.default\">\n\t\t\t\t<div class=\"elementor-widget-container\">\n\t\t\t\t\t\t\t\t\t\t\t\t\t\t\t<img decoding=\"async\" width=\"1024\" height=\"294\" src=\"https:\/\/alumaster.ee\/wp-content\/uploads\/2023\/03\/Edukas-Eesti-ettevote-2022-1024x294.png\" class=\"attachment-large size-large wp-image-4068\" alt=\"\" srcset=\"https:\/\/alumaster.ee\/wp-content\/uploads\/2023\/03\/Edukas-Eesti-ettevote-2022-1024x294.png 1024w, https:\/\/alumaster.ee\/wp-content\/uploads\/2023\/03\/Edukas-Eesti-ettevote-2022-300x86.png 300w, https:\/\/alumaster.ee\/wp-content\/uploads\/2023\/03\/Edukas-Eesti-ettevote-2022-768x220.png 768w, https:\/\/alumaster.ee\/wp-content\/uploads\/2023\/03\/Edukas-Eesti-ettevote-2022-1536x440.png 1536w, https:\/\/alumaster.ee\/wp-content\/uploads\/2023\/03\/Edukas-Eesti-ettevote-2022-2048x587.png 2048w, https:\/\/alumaster.ee\/wp-content\/uploads\/2023\/03\/Edukas-Eesti-ettevote-2022-18x5.png 18w\" sizes=\"(max-width: 1024px) 100vw, 1024px\" \/>\t\t\t\t\t\t\t\t\t\t\t\t\t\t\t<\/div>\n\t\t\t\t<\/div>\n\t\t\t\t\t<\/div>\n\t\t<\/div>\n\t\t\t\t\t<\/div>\n\t\t<\/section>\n\t\t\t\t<\/div>\n\t\t","protected":false},"excerpt":{"rendered":"<p>Tuemme ja asumme uimari Kregor Zirkin kanssa menestyv\u00e4ss\u00e4 virolaisessa yhti\u00f6ss\u00e4 vuodesta 2013<\/p>","protected":false},"author":1,"featured_media":0,"parent":0,"menu_order":0,"comment_status":"closed","ping_status":"closed","template":"","meta":{"site-sidebar-layout":"no-sidebar","site-content-layout":"page-builder","ast-site-content-layout":"default","site-content-style":"default","site-sidebar-style":"default","ast-global-header-display":"","ast-banner-title-visibility":"","ast-main-header-display":"","ast-hfb-above-header-display":"","ast-hfb-below-header-display":"","ast-hfb-mobile-header-display":"","site-post-title":"disabled","ast-breadcrumbs-content":"","ast-featured-img":"disabled","footer-sml-layout":"","ast-disable-related-posts":"","theme-transparent-header-meta":"default","adv-header-id-meta":"","stick-header-meta":"","header-above-stick-meta":"","header-main-stick-meta":"","header-below-stick-meta":"","astra-migrate-meta-layouts":"default","ast-page-background-enabled":"default","ast-page-background-meta":{"desktop":{"background-color":"","background-image":"","background-repeat":"repeat","background-position":"center center","background-size":"auto","background-attachment":"scroll","background-type":"","background-media":"","overlay-type":"","overlay-color":"","overlay-opacity":"","overlay-gradient":""},"tablet":{"background-color":"","background-image":"","background-repeat":"repeat","background-position":"center center","background-size":"auto","background-attachment":"scroll","background-type":"","background-media":"","overlay-type":"","overlay-color":"","overlay-opacity":"","overlay-gradient":""},"mobile":{"background-color":"","background-image":"","background-repeat":"repeat","background-position":"center center","background-size":"auto","background-attachment":"scroll","background-type":"","background-media":"","overlay-type":"","overlay-color":"","overlay-opacity":"","overlay-gradient":""}},"ast-content-background-meta":{"desktop":{"background-color":"var(--ast-global-color-5)","background-image":"","background-repeat":"repeat","background-position":"center center","background-size":"auto","background-attachment":"scroll","background-type":"","background-media":"","overlay-type":"","overlay-color":"","overlay-opacity":"","overlay-gradient":""},"tablet":{"background-color":"var(--ast-global-color-5)","background-image":"","background-repeat":"repeat","background-position":"center center","background-size":"auto","background-attachment":"scroll","background-type":"","background-media":"","overlay-type":"","overlay-color":"","overlay-opacity":"","overlay-gradient":""},"mobile":{"background-color":"var(--ast-global-color-5)","background-image":"","background-repeat":"repeat","background-position":"center center","background-size":"auto","background-attachment":"scroll","background-type":"","background-media":"","overlay-type":"","overlay-color":"","overlay-opacity":"","overlay-gradient":""}},"footnotes":""},"class_list":["post-3861","page","type-page","status-publish","hentry"],"yoast_head":"<!-- This site is optimized with the Yoast SEO Premium plugin v27.3 (Yoast SEO v27.3) - https:\/\/yoast.com\/product\/yoast-seo-premium-wordpress\/ -->\n<title>Toetame - AluMaster O&Uuml;<\/title>\n<meta name=\"robots\" content=\"index, follow, max-snippet:-1, max-image-preview:large, max-video-preview:-1\" \/>\n<link rel=\"canonical\" href=\"https:\/\/alumaster.ee\/fi\/tuemme-2\/\" \/>\n<meta property=\"og:locale\" content=\"fi_FI\" \/>\n<meta property=\"og:type\" content=\"article\" \/>\n<meta property=\"og:title\" content=\"Toetame\" \/>\n<meta property=\"og:description\" content=\"Toetame ja elame kaasa ujujale Kregor Zirk EDUKAS EESTI ETTEV\u00d5TE AASTAST 2013\" \/>\n<meta property=\"og:url\" content=\"https:\/\/alumaster.ee\/fi\/tuemme-2\/\" \/>\n<meta property=\"og:site_name\" content=\"AluMaster O&Uuml;\" \/>\n<meta property=\"article:publisher\" content=\"https:\/\/www.facebook.com\/alumaster.ee\/\" \/>\n<meta property=\"article:modified_time\" content=\"2023-03-10T13:26:45+00:00\" \/>\n<meta property=\"og:image\" content=\"https:\/\/alumaster.ee\/wp-content\/uploads\/2021\/02\/Kregor-Zirk-768x307.jpg\" \/>\n<meta name=\"twitter:card\" content=\"summary_large_image\" \/>\n<meta name=\"twitter:label1\" content=\"Arvioitu lukuaika\" \/>\n\t<meta name=\"twitter:data1\" content=\"1 minuutti\" \/>\n<script type=\"application\/ld+json\" class=\"yoast-schema-graph\">{\"@context\":\"https:\\\/\\\/schema.org\",\"@graph\":[{\"@type\":\"WebPage\",\"@id\":\"https:\\\/\\\/alumaster.ee\\\/kregor-zirk\\\/\",\"url\":\"https:\\\/\\\/alumaster.ee\\\/kregor-zirk\\\/\",\"name\":\"Toetame - AluMaster O&Uuml;\",\"isPartOf\":{\"@id\":\"https:\\\/\\\/alumaster.ee\\\/#website\"},\"primaryImageOfPage\":{\"@id\":\"https:\\\/\\\/alumaster.ee\\\/kregor-zirk\\\/#primaryimage\"},\"image\":{\"@id\":\"https:\\\/\\\/alumaster.ee\\\/kregor-zirk\\\/#primaryimage\"},\"thumbnailUrl\":\"https:\\\/\\\/alumaster.ee\\\/wp-content\\\/uploads\\\/2021\\\/02\\\/Kregor-Zirk-768x307.jpg\",\"datePublished\":\"2021-02-14T18:22:39+00:00\",\"dateModified\":\"2023-03-10T13:26:45+00:00\",\"breadcrumb\":{\"@id\":\"https:\\\/\\\/alumaster.ee\\\/kregor-zirk\\\/#breadcrumb\"},\"inLanguage\":\"fi\",\"potentialAction\":[{\"@type\":\"ReadAction\",\"target\":[\"https:\\\/\\\/alumaster.ee\\\/kregor-zirk\\\/\"]}]},{\"@type\":\"ImageObject\",\"inLanguage\":\"fi\",\"@id\":\"https:\\\/\\\/alumaster.ee\\\/kregor-zirk\\\/#primaryimage\",\"url\":\"https:\\\/\\\/alumaster.ee\\\/wp-content\\\/uploads\\\/2021\\\/02\\\/Kregor-Zirk-768x307.jpg\",\"contentUrl\":\"https:\\\/\\\/alumaster.ee\\\/wp-content\\\/uploads\\\/2021\\\/02\\\/Kregor-Zirk-768x307.jpg\"},{\"@type\":\"BreadcrumbList\",\"@id\":\"https:\\\/\\\/alumaster.ee\\\/kregor-zirk\\\/#breadcrumb\",\"itemListElement\":[{\"@type\":\"ListItem\",\"position\":1,\"name\":\"Home\",\"item\":\"https:\\\/\\\/alumaster.ee\\\/\"},{\"@type\":\"ListItem\",\"position\":2,\"name\":\"Toetame\"}]},{\"@type\":\"WebSite\",\"@id\":\"https:\\\/\\\/alumaster.ee\\\/#website\",\"url\":\"https:\\\/\\\/alumaster.ee\\\/\",\"name\":\"AluMaster O\u00dc\",\"description\":\"Alumiinium uksed ja aknad\",\"publisher\":{\"@id\":\"https:\\\/\\\/alumaster.ee\\\/#organization\"},\"potentialAction\":[{\"@type\":\"SearchAction\",\"target\":{\"@type\":\"EntryPoint\",\"urlTemplate\":\"https:\\\/\\\/alumaster.ee\\\/?s={search_term_string}\"},\"query-input\":{\"@type\":\"PropertyValueSpecification\",\"valueRequired\":true,\"valueName\":\"search_term_string\"}}],\"inLanguage\":\"fi\"},{\"@type\":\"Organization\",\"@id\":\"https:\\\/\\\/alumaster.ee\\\/#organization\",\"name\":\"AluMaster O\u00dc\",\"url\":\"https:\\\/\\\/alumaster.ee\\\/\",\"logo\":{\"@type\":\"ImageObject\",\"inLanguage\":\"fi\",\"@id\":\"https:\\\/\\\/alumaster.ee\\\/#\\\/schema\\\/logo\\\/image\\\/\",\"url\":\"https:\\\/\\\/alumaster.ee\\\/wp-content\\\/uploads\\\/2020\\\/03\\\/cropped-AluMaster-ikoon-1.png\",\"contentUrl\":\"https:\\\/\\\/alumaster.ee\\\/wp-content\\\/uploads\\\/2020\\\/03\\\/cropped-AluMaster-ikoon-1.png\",\"width\":512,\"height\":512,\"caption\":\"AluMaster O\u00dc\"},\"image\":{\"@id\":\"https:\\\/\\\/alumaster.ee\\\/#\\\/schema\\\/logo\\\/image\\\/\"},\"sameAs\":[\"https:\\\/\\\/www.facebook.com\\\/alumaster.ee\\\/\"]}]}<\/script>\n<!-- \/ Yoast SEO Premium plugin. -->","yoast_head_json":{"title":"Toetame - AluMaster O&Uuml;","robots":{"index":"index","follow":"follow","max-snippet":"max-snippet:-1","max-image-preview":"max-image-preview:large","max-video-preview":"max-video-preview:-1"},"canonical":"https:\/\/alumaster.ee\/fi\/tuemme-2\/","og_locale":"fi_FI","og_type":"article","og_title":"Toetame","og_description":"Toetame ja elame kaasa ujujale Kregor Zirk EDUKAS EESTI ETTEV\u00d5TE AASTAST 2013","og_url":"https:\/\/alumaster.ee\/fi\/tuemme-2\/","og_site_name":"AluMaster O&Uuml;","article_publisher":"https:\/\/www.facebook.com\/alumaster.ee\/","article_modified_time":"2023-03-10T13:26:45+00:00","og_image":[{"url":"https:\/\/alumaster.ee\/wp-content\/uploads\/2021\/02\/Kregor-Zirk-768x307.jpg","type":"","width":"","height":""}],"twitter_card":"summary_large_image","twitter_misc":{"Arvioitu lukuaika":"1 minuutti"},"schema":{"@context":"https:\/\/schema.org","@graph":[{"@type":"WebPage","@id":"https:\/\/alumaster.ee\/kregor-zirk\/","url":"https:\/\/alumaster.ee\/kregor-zirk\/","name":"Toetame - AluMaster O&Uuml;","isPartOf":{"@id":"https:\/\/alumaster.ee\/#website"},"primaryImageOfPage":{"@id":"https:\/\/alumaster.ee\/kregor-zirk\/#primaryimage"},"image":{"@id":"https:\/\/alumaster.ee\/kregor-zirk\/#primaryimage"},"thumbnailUrl":"https:\/\/alumaster.ee\/wp-content\/uploads\/2021\/02\/Kregor-Zirk-768x307.jpg","datePublished":"2021-02-14T18:22:39+00:00","dateModified":"2023-03-10T13:26:45+00:00","breadcrumb":{"@id":"https:\/\/alumaster.ee\/kregor-zirk\/#breadcrumb"},"inLanguage":"fi","potentialAction":[{"@type":"ReadAction","target":["https:\/\/alumaster.ee\/kregor-zirk\/"]}]},{"@type":"ImageObject","inLanguage":"fi","@id":"https:\/\/alumaster.ee\/kregor-zirk\/#primaryimage","url":"https:\/\/alumaster.ee\/wp-content\/uploads\/2021\/02\/Kregor-Zirk-768x307.jpg","contentUrl":"https:\/\/alumaster.ee\/wp-content\/uploads\/2021\/02\/Kregor-Zirk-768x307.jpg"},{"@type":"BreadcrumbList","@id":"https:\/\/alumaster.ee\/kregor-zirk\/#breadcrumb","itemListElement":[{"@type":"ListItem","position":1,"name":"Home","item":"https:\/\/alumaster.ee\/"},{"@type":"ListItem","position":2,"name":"Toetame"}]},{"@type":"WebSite","@id":"https:\/\/alumaster.ee\/#website","url":"https:\/\/alumaster.ee\/","name":"AluMaster O\u00dc","description":"Alumiinium uksed ja aknad","publisher":{"@id":"https:\/\/alumaster.ee\/#organization"},"potentialAction":[{"@type":"SearchAction","target":{"@type":"EntryPoint","urlTemplate":"https:\/\/alumaster.ee\/?s={search_term_string}"},"query-input":{"@type":"PropertyValueSpecification","valueRequired":true,"valueName":"search_term_string"}}],"inLanguage":"fi"},{"@type":"Organization","@id":"https:\/\/alumaster.ee\/#organization","name":"AluMaster O\u00dc","url":"https:\/\/alumaster.ee\/","logo":{"@type":"ImageObject","inLanguage":"fi","@id":"https:\/\/alumaster.ee\/#\/schema\/logo\/image\/","url":"https:\/\/alumaster.ee\/wp-content\/uploads\/2020\/03\/cropped-AluMaster-ikoon-1.png","contentUrl":"https:\/\/alumaster.ee\/wp-content\/uploads\/2020\/03\/cropped-AluMaster-ikoon-1.png","width":512,"height":512,"caption":"AluMaster O\u00dc"},"image":{"@id":"https:\/\/alumaster.ee\/#\/schema\/logo\/image\/"},"sameAs":["https:\/\/www.facebook.com\/alumaster.ee\/"]}]}},"_links":{"self":[{"href":"https:\/\/alumaster.ee\/fi\/wp-json\/wp\/v2\/pages\/3861","targetHints":{"allow":["GET"]}}],"collection":[{"href":"https:\/\/alumaster.ee\/fi\/wp-json\/wp\/v2\/pages"}],"about":[{"href":"https:\/\/alumaster.ee\/fi\/wp-json\/wp\/v2\/types\/page"}],"author":[{"embeddable":true,"href":"https:\/\/alumaster.ee\/fi\/wp-json\/wp\/v2\/users\/1"}],"replies":[{"embeddable":true,"href":"https:\/\/alumaster.ee\/fi\/wp-json\/wp\/v2\/comments?post=3861"}],"version-history":[{"count":4,"href":"https:\/\/alumaster.ee\/fi\/wp-json\/wp\/v2\/pages\/3861\/revisions"}],"predecessor-version":[{"id":4086,"href":"https:\/\/alumaster.ee\/fi\/wp-json\/wp\/v2\/pages\/3861\/revisions\/4086"}],"wp:attachment":[{"href":"https:\/\/alumaster.ee\/fi\/wp-json\/wp\/v2\/media?parent=3861"}],"curies":[{"name":"wp","href":"https:\/\/api.w.org\/{rel}","templated":true}]}}